{"id":3179,"date":"2020-02-02T01:08:45","date_gmt":"2020-02-02T01:08:45","guid":{"rendered":"http:\/\/femedees.com\/?page_id=3179"},"modified":"2020-02-02T02:40:01","modified_gmt":"2020-02-02T02:40:01","slug":"noticias","status":"publish","type":"page","link":"https:\/\/femedees.com\/index.php\/noticias\/","title":{"rendered":"Noticias"},"content":{"rendered":"<div id='av_section_1' class='avia-section main_color avia-section-large avia-no-border-styling avia-bg-style-scroll  avia-builder-el-0  el_before_av_section  avia-builder-el-first    container_wrap fullsize' style='background-color: #d63387;  '  ><div class='container' ><main  role=\"main\" itemprop=\"mainContentOfPage\"  class='template-page content  av-content-full alpha units'><div class='post-entry post-entry-type-page post-entry-3179'><div class='entry-content-wrapper clearfix'>\n<div style='padding-bottom:20px; color:#ffffff;font-size:40px;' class='av-special-heading av-special-heading-h2 custom-color-heading blockquote modern-quote  avia-builder-el-1  avia-builder-el-no-sibling   av-inherit-size '><h2 class='av-special-heading-tag '  itemprop=\"headline\"  >Noticias<\/h2><div class='special-heading-border'><div class='special-heading-inner-border' style='border-color:#ffffff'><\/div><\/div><\/div>\n\n<\/div><\/div><\/main><!-- close content main element --><\/div><\/div><div id='av_section_2' class='avia-section main_color avia-section-large avia-no-border-styling avia-bg-style-scroll  avia-builder-el-2  el_after_av_section  el_before_av_masonry_gallery   container_wrap fullsize' style=' '  ><div class='container' ><div class='template-page content  av-content-full alpha units'><div class='post-entry post-entry-type-page post-entry-3179'><div class='entry-content-wrapper clearfix'>\n<div style=' margin-top:10px; margin-bottom:10px;'  class='hr hr-custom hr-left hr-icon-no   avia-builder-el-3  el_before_av_one_half  avia-builder-el-first '><span class='hr-inner   inner-border-av-border-fat' style=' width:50px; border-color:#000000;' ><span class='hr-inner-style'><\/span><\/span><\/div>\n<div class=\"flex_column av_one_half  flex_column_div first  avia-builder-el-4  el_after_av_hr  el_before_av_one_half   \" style='padding:30px; border-radius:0px; '><p><div style='padding-bottom:10px; ' class='av-special-heading av-special-heading-h3    avia-builder-el-5  el_before_av_hr  avia-builder-el-first   '><h3 class='av-special-heading-tag '  itemprop=\"headline\"  >Evaluaci\u00f3n de los atletas que representar\u00e1n a Yucat\u00e1n<\/h3><div class='special-heading-border'><div class='special-heading-inner-border' ><\/div><\/div><\/div><br \/>\n<div style='height:30px' class='hr hr-invisible   avia-builder-el-6  el_after_av_heading  el_before_av_textblock  '><span class='hr-inner ' ><span class='hr-inner-style'><\/span><\/span><\/div><br \/>\n<section class=\"av_textblock_section \"  itemscope=\"itemscope\" itemtype=\"https:\/\/schema.org\/CreativeWork\" ><div class='avia_textblock  '  style='font-size:15px; '  itemprop=\"text\" ><p>El pasado s\u00e1bado 25 de enero se llev\u00f3 a cabo la \u00faltima evaluaci\u00f3n de los atletas que representar\u00e1n a Yucat\u00e1n en el <a class=\"_58cn\" href=\"https:\/\/www.facebook.com\/hashtag\/campeonatonacionalfemedees?source=feed_text&amp;epa=HASHTAG&amp;__xts__%5B0%5D=68.ARAUEII4TKffoVDglFPRi65jfZEvv1b7sl7gOXPRmW-99PU9VqrFCVwXVaSg7NfdRhH5kR4dCs-2PLfjRqGdhJOaYOLVaOZDAn4mGD81gzxm2HSdAiTQaNjEPyb0NtCvEbr2tepbsP2B-9PAFHPhUVgKvyy2yYzUFfsBr2zj8dsEZQuxMSJCQL8HL-AJj_6Ja_BMDPs4mcrzI_1OE0YX-allz5eElGZoOvr1icprxGcx5dIiqwsOxewGdwmrnTtzYvF1WJ3L4k4LsRxID9uhp_iFdfyK4hKvdOl62tJQV483Dud8eDkxab2wPAbK9J4t6Rjsv2GGzjUAp3udkwTzl4rE3I2GyD3B7iCe6Q4pS31XenHnNSlQff931jmarBxXRUmDqh5yODXB8jHmmpFWmTN3MyTxTby7U6XNUpQ6uHK20z-IVvktd2GuaEjXATV3YNjrtb5miZbs3ZZNcfN_LwfJ4jRbMTu3HUIFSyHI7BdfiDKOzqs&amp;__tn__=%2ANKH-R\" type=\"\" data-ft=\"{\"><span class=\"_5afx\"><span class=\"_58cl _5afz\" aria-label=\"hashtag\">#<\/span><span class=\"_58cm\">campeonatonacionalfemedees<\/span><\/span><\/a>, agradecemos a todos l<span class=\"text_exposed_show\">os participantes en el tope que reuni\u00f3 a m\u00e1s de 250 atletas y los 90 cinturones negros que buscaron una plaza para representar a su estado ya estamos listos para esta magna justa nos vemos en el campeonato mundial por qu\u00e9 aqu\u00ed <a class=\"_58cn\" href=\"https:\/\/www.facebook.com\/hashtag\/comienzanlossue%C3%B1os?source=feed_text&amp;epa=HASHTAG&amp;__xts__%5B0%5D=68.ARAUEII4TKffoVDglFPRi65jfZEvv1b7sl7gOXPRmW-99PU9VqrFCVwXVaSg7NfdRhH5kR4dCs-2PLfjRqGdhJOaYOLVaOZDAn4mGD81gzxm2HSdAiTQaNjEPyb0NtCvEbr2tepbsP2B-9PAFHPhUVgKvyy2yYzUFfsBr2zj8dsEZQuxMSJCQL8HL-AJj_6Ja_BMDPs4mcrzI_1OE0YX-allz5eElGZoOvr1icprxGcx5dIiqwsOxewGdwmrnTtzYvF1WJ3L4k4LsRxID9uhp_iFdfyK4hKvdOl62tJQV483Dud8eDkxab2wPAbK9J4t6Rjsv2GGzjUAp3udkwTzl4rE3I2GyD3B7iCe6Q4pS31XenHnNSlQff931jmarBxXRUmDqh5yODXB8jHmmpFWmTN3MyTxTby7U6XNUpQ6uHK20z-IVvktd2GuaEjXATV3YNjrtb5miZbs3ZZNcfN_LwfJ4jRbMTu3HUIFSyHI7BdfiDKOzqs&amp;__tn__=%2ANKH-R\" type=\"\" data-ft=\"{\"><span class=\"_5afx\"><span class=\"_58cl _5afz\" aria-label=\"hashtag\">#<\/span><span class=\"_58cm\">comienzanlossue\u00f1os<\/span><\/span><\/a>.<\/span><\/p>\n<p><span class=\"text_exposed_show\"><br \/>\nAgradecemos al Lic. Carlos S\u00e1enz Castillo director del idey por todas las facilidades y al Lic. Ren\u00e9 Ledesma por su apoyo para la realizaci\u00f3n de este exitoso evento realizado en el unidad del paral\u00edmpico<\/span><\/p>\n<\/div><\/section><br \/>\n<div  data-size='featured_large'  data-lightbox_size='large'  data-animation='slide'  data-conditional_play=''  data-ids='3207,3208,3209,3210,3211'  data-video_counter='0'  data-autoplay='false'  data-bg_slider='false'  data-slide_height=''  data-handle='av_slideshow'  data-interval='5'  data-class=' avia-builder-el-8  el_after_av_textblock  avia-builder-el-last   '  data-css_id=''  data-scroll_down=''  data-control_layout='av-control-default'  data-custom_markup=''  data-perma_caption=''  data-autoplay_stopper=''  data-image_attachment=''  data-min_height='0px'  data-default-height='42'  class='avia-slideshow avia-slideshow-1  av-control-default av-default-height-applied avia-slideshow-featured_large av_slideshow  avia-builder-el-8  el_after_av_textblock  avia-builder-el-last    avia-slide-slider '  itemprop=\"image\" itemscope=\"itemscope\" itemtype=\"https:\/\/schema.org\/ImageObject\" ><ul class='avia-slideshow-inner ' style='padding-bottom: 65.625%;' ><li  class=' slide-1 ' ><div data-rel='slideshow-1' class='avia-slide-wrap '   ><img src='https:\/\/femedees.com\/wp-content\/uploads\/2020\/02\/f1-960x630.jpg' width='960' height='630' title='f1' alt=''  itemprop=\"thumbnailUrl\"   \/><\/div><\/li><li  class=' slide-2 ' ><div data-rel='slideshow-1' class='avia-slide-wrap '   ><img src='https:\/\/femedees.com\/wp-content\/uploads\/2020\/02\/f2-960x630.jpg' width='960' height='630' title='f2' alt=''  itemprop=\"thumbnailUrl\"   \/><\/div><\/li><li  class=' slide-3 ' ><div data-rel='slideshow-1' class='avia-slide-wrap '   ><img src='https:\/\/femedees.com\/wp-content\/uploads\/2020\/02\/f4-960x630.jpg' width='960' height='630' title='f4' alt=''  itemprop=\"thumbnailUrl\"   \/><\/div><\/li><li  class=' slide-4 ' ><div data-rel='slideshow-1' class='avia-slide-wrap '   ><img src='https:\/\/femedees.com\/wp-content\/uploads\/2020\/02\/f5-960x630.jpg' width='960' height='630' title='f5' alt=''  itemprop=\"thumbnailUrl\"   \/><\/div><\/li><li  class=' slide-5 ' ><div data-rel='slideshow-1' class='avia-slide-wrap '   ><img src='https:\/\/femedees.com\/wp-content\/uploads\/2020\/02\/f6-960x630.jpg' width='960' height='630' title='f6' alt=''  itemprop=\"thumbnailUrl\"   \/><\/div><\/li><\/ul><div class='avia-slideshow-arrows avia-slideshow-controls'><a href='#prev' class='prev-slide' aria-hidden='true' data-av_icon='\ue87c' data-av_iconfont='entypo-fontello'>Previous<\/a><a href='#next' class='next-slide' aria-hidden='true' data-av_icon='\ue87d' data-av_iconfont='entypo-fontello'>Next<\/a><\/div><div class='avia-slideshow-dots avia-slideshow-controls'><a href='#1' class='goto-slide active' >1<\/a><a href='#2' class='goto-slide ' >2<\/a><a href='#3' class='goto-slide ' >3<\/a><a href='#4' class='goto-slide ' >4<\/a><a href='#5' class='goto-slide ' >5<\/a><\/div><\/div><\/p><\/div><div class=\"flex_column av_one_half  flex_column_div   avia-builder-el-9  el_after_av_one_half  avia-builder-el-last   \" style='background: #fcd200; padding:30px; background-color:#fcd200; border-radius:0px; '><p><div style='padding-bottom:10px; color:#ffffff;' class='av-special-heading av-special-heading-h3 custom-color-heading   avia-builder-el-10  el_before_av_hr  avia-builder-el-first   '><h3 class='av-special-heading-tag '  itemprop=\"headline\"  >Otras Noticias<\/h3><div class='special-heading-border'><div class='special-heading-inner-border' style='border-color:#ffffff'><\/div><\/div><\/div><br \/>\n<div style='height:30px' class='hr hr-invisible   avia-builder-el-11  el_after_av_heading  el_before_av_codeblock  '><span class='hr-inner ' ><span class='hr-inner-style'><\/span><\/span><\/div><br \/>\n<\/p><\/div><div id='av-masonry-1' class='av-masonry  noHover av-flex-size av-large-gap av-hover-overlay- av-masonry-animation-active av-masonry-col-5 av-caption-always av-caption-style- av-masonry-gallery     ' style='background-color:#35383c; ' ><div class='av-masonry-container isotope av-js-disabled ' ><div class='av-masonry-entry isotope-item av-masonry-item-no-image '><\/div><div id='av-masonry-1-item-3174' data-av-masonry-item='3174' class='av-masonry-entry isotope-item post-3174 attachment type-attachment status-inherit hentry  av-masonry-item-with-image'   itemprop=\"thumbnailUrl\" ><div class='av-inner-masonry-sizer'><\/div><figure class='av-inner-masonry main_color'><div class=\"av-masonry-outerimage-container\"><div class=\"av-masonry-image-container\" ><img src=\"https:\/\/femedees.com\/wp-content\/uploads\/2020\/01\/Captura-de-Pantalla-2020-01-30-a-las-9.09.13-p.-m..png\" title=\"Captura de Pantalla 2020-01-30 a la(s) 9.09.13 p. m.\" alt=\"\" \/><\/div><\/div><\/figure><\/div><!--end av-masonry entry--><div id='av-masonry-1-item-3175' data-av-masonry-item='3175' class='av-masonry-entry isotope-item post-3175 attachment type-attachment status-inherit hentry  av-masonry-item-with-image'   itemprop=\"thumbnailUrl\" ><div class='av-inner-masonry-sizer'><\/div><figure class='av-inner-masonry main_color'><div class=\"av-masonry-outerimage-container\"><div class=\"av-masonry-image-container\" ><img src=\"https:\/\/femedees.com\/wp-content\/uploads\/2020\/01\/Captura-de-Pantalla-2020-01-30-a-las-9.09.30-p.-m..png\" title=\"Captura de Pantalla 2020-01-30 a la(s) 9.09.30 p. m.\" alt=\"\" \/><\/div><\/div><\/figure><\/div><!--end av-masonry entry--><div id='av-masonry-1-item-3176' data-av-masonry-item='3176' class='av-masonry-entry isotope-item post-3176 attachment type-attachment status-inherit hentry  av-masonry-item-with-image'   itemprop=\"thumbnailUrl\" ><div class='av-inner-masonry-sizer'><\/div><figure class='av-inner-masonry main_color'><div class=\"av-masonry-outerimage-container\"><div class=\"av-masonry-image-container\" ><img src=\"https:\/\/femedees.com\/wp-content\/uploads\/2020\/01\/Captura-de-Pantalla-2020-01-30-a-las-9.15.01-p.-m..png\" title=\"Captura de Pantalla 2020-01-30 a la(s) 9.15.01 p. m.\" alt=\"\" \/><\/div><\/div><\/figure><\/div><!--end av-masonry entry--><div id='av-masonry-1-item-3177' data-av-masonry-item='3177' class='av-masonry-entry isotope-item post-3177 attachment type-attachment status-inherit hentry  av-masonry-item-with-image'   itemprop=\"thumbnailUrl\" ><div class='av-inner-masonry-sizer'><\/div><figure class='av-inner-masonry main_color'><div class=\"av-masonry-outerimage-container\"><div class=\"av-masonry-image-container\" ><img src=\"https:\/\/femedees.com\/wp-content\/uploads\/2020\/01\/Captura-de-Pantalla-2020-01-30-a-las-9.15.53-p.-m..png\" title=\"Captura de Pantalla 2020-01-30 a la(s) 9.15.53 p. m.\" alt=\"\" \/><\/div><\/div><\/figure><\/div><!--end av-masonry entry--><div id='av-masonry-1-item-3172' data-av-masonry-item='3172' class='av-masonry-entry isotope-item post-3172 attachment type-attachment status-inherit hentry  av-masonry-item-with-image'   itemprop=\"thumbnailUrl\" ><div class='av-inner-masonry-sizer'><\/div><figure class='av-inner-masonry main_color'><div class=\"av-masonry-outerimage-container\"><div class=\"av-masonry-image-container\" ><img src=\"https:\/\/femedees.com\/wp-content\/uploads\/2020\/01\/Captura-de-Pantalla-2020-01-30-a-las-9.08.15-p.-m..png\" title=\"Captura de Pantalla 2020-01-30 a la(s) 9.08.15 p. m.\" alt=\"\" \/><\/div><\/div><\/figure><\/div><!--end av-masonry entry--><\/div><\/div><\/p>\n","protected":false},"excerpt":{"rendered":"","protected":false},"author":1,"featured_media":0,"parent":0,"menu_order":0,"comment_status":"closed","ping_status":"closed","template":"","meta":{"sfsi_plus_gutenberg_text_before_share":"","sfsi_plus_gutenberg_show_text_before_share":"","sfsi_plus_gutenberg_icon_type":"","sfsi_plus_gutenberg_icon_alignemt":"","sfsi_plus_gutenburg_max_per_row":""},"_links":{"self":[{"href":"https:\/\/femedees.com\/index.php\/wp-json\/wp\/v2\/pages\/3179"}],"collection":[{"href":"https:\/\/femedees.com\/index.php\/wp-json\/wp\/v2\/pages"}],"about":[{"href":"https:\/\/femedees.com\/index.php\/wp-json\/wp\/v2\/types\/page"}],"author":[{"embeddable":true,"href":"https:\/\/femedees.com\/index.php\/wp-json\/wp\/v2\/users\/1"}],"replies":[{"embeddable":true,"href":"https:\/\/femedees.com\/index.php\/wp-json\/wp\/v2\/comments?post=3179"}],"version-history":[{"count":16,"href":"https:\/\/femedees.com\/index.php\/wp-json\/wp\/v2\/pages\/3179\/revisions"}],"predecessor-version":[{"id":3409,"href":"https:\/\/femedees.com\/index.php\/wp-json\/wp\/v2\/pages\/3179\/revisions\/3409"}],"wp:attachment":[{"href":"https:\/\/femedees.com\/index.php\/wp-json\/wp\/v2\/media?parent=3179"}],"curies":[{"name":"wp","href":"https:\/\/api.w.org\/{rel}","templated":true}]}}