{"id":3191,"date":"2020-02-02T01:58:26","date_gmt":"2020-02-02T01:58:26","guid":{"rendered":"http:\/\/femedees.com\/?page_id=3191"},"modified":"2020-07-07T21:31:03","modified_gmt":"2020-07-07T21:31:03","slug":"eventos","status":"publish","type":"page","link":"https:\/\/femedees.com\/index.php\/eventos\/","title":{"rendered":"Eventos"},"content":{"rendered":"<div id='av_section_1' class='avia-section main_color avia-section-large avia-no-border-styling avia-bg-style-scroll  avia-builder-el-0  el_before_av_one_full  avia-builder-el-first    container_wrap fullsize' style='background-color: #d63387;  '  ><div class='container' ><main  role=\"main\" itemprop=\"mainContentOfPage\"  class='template-page content  av-content-full alpha units'><div class='post-entry post-entry-type-page post-entry-3191'><div class='entry-content-wrapper clearfix'>\n<div style='padding-bottom:20px; color:#ffffff;font-size:40px;' class='av-special-heading av-special-heading-h2 custom-color-heading blockquote modern-quote  avia-builder-el-1  avia-builder-el-no-sibling   av-inherit-size '><h2 class='av-special-heading-tag '  itemprop=\"headline\"  >Eventos<\/h2><div class='special-heading-border'><div class='special-heading-inner-border' style='border-color:#ffffff'><\/div><\/div><\/div>\n<\/div><\/div><\/main><!-- close content main element --><\/div><\/div><div id='after_section_1' class='main_color av_default_container_wrap container_wrap fullsize' style=' '  ><div class='container' ><div class='template-page content  av-content-full alpha units'><div class='post-entry post-entry-type-page post-entry-3191'><div class='entry-content-wrapper clearfix'>\n<div class=\"flex_column av_one_full  flex_column_div av-zero-column-padding first  avia-builder-el-2  el_after_av_section  el_before_av_masonry_gallery  avia-builder-el-no-sibling  \" style='border-radius:0px; '><div class='av-alb-blogposts template-blog  '  itemscope=\"itemscope\" itemtype=\"https:\/\/schema.org\/Blog\" ><article class='post-entry post-entry-type-standard post-entry-3670 post-loop-1 post-parity-odd single-big  post-3670 post type-post status-publish format-standard hentry category-news'  itemscope=\"itemscope\" itemtype=\"https:\/\/schema.org\/BlogPosting\" ><div class='blog-meta'><\/div><div class='entry-content-wrapper clearfix standard-content'><header class=\"entry-content-header\"><h2 class='post-title entry-title '  itemprop=\"headline\" >\t<a href='https:\/\/femedees.com\/index.php\/2022\/10\/26\/copa-suprema-2023\/' rel='bookmark' title='Permanent Link: Copa Suprema 2023'>Copa Suprema 2023\t\t\t<span class='post-format-icon minor-meta'><\/span>\t<\/a><\/h2><span class='post-meta-infos'><time class='date-container minor-meta updated' >October 26, 2022<\/time><span class='text-sep text-sep-date'>\/<\/span><span class=\"blog-categories minor-meta\">in <a href=\"https:\/\/femedees.com\/index.php\/category\/news\/\" rel=\"tag\">News<\/a> <\/span><span class=\"text-sep text-sep-cat\">\/<\/span><span class=\"blog-author minor-meta\">by <span class=\"entry-author-link\" ><span class=\"vcard author\"><span class=\"fn\"><a href=\"https:\/\/femedees.com\/index.php\/author\/editorfemedees\/\" title=\"Posts by AdminFemedees\" rel=\"author\">AdminFemedees<\/a><\/span><\/span><\/span><\/span><\/span><\/header><div class=\"entry-content\"  itemprop=\"text\" ><p><img loading=\"lazy\" class=\"aligncenter  wp-image-3671\" src=\"https:\/\/femedees.com\/wp-content\/uploads\/2022\/10\/COPA-SUPREMA--225x300.jpg\" alt=\"\" width=\"484\" height=\"645\" srcset=\"https:\/\/femedees.com\/wp-content\/uploads\/2022\/10\/COPA-SUPREMA--225x300.jpg 225w, https:\/\/femedees.com\/wp-content\/uploads\/2022\/10\/COPA-SUPREMA--773x1030.jpg 773w, https:\/\/femedees.com\/wp-content\/uploads\/2022\/10\/COPA-SUPREMA--768x1024.jpg 768w, https:\/\/femedees.com\/wp-content\/uploads\/2022\/10\/COPA-SUPREMA--529x705.jpg 529w, https:\/\/femedees.com\/wp-content\/uploads\/2022\/10\/COPA-SUPREMA--450x600.jpg 450w, https:\/\/femedees.com\/wp-content\/uploads\/2022\/10\/COPA-SUPREMA-.jpg 960w\" sizes=\"(max-width: 484px) 100vw, 484px\" \/><\/p>\n<p>&nbsp;<\/p>\n<p><a href=\"https:\/\/femedees.com\/wp-content\/uploads\/2022\/10\/CONVOCATORIA-1.pdf\">CONVOCATORIA<\/a><\/p>\n<\/div><footer class=\"entry-footer\"><\/footer><div class='post_delimiter'><\/div><\/div><div class='post_author_timeline'><\/div><span class='hidden'>\n\t\t\t<span class='av-structured-data'  itemprop=\"image\" itemscope=\"itemscope\" itemtype=\"https:\/\/schema.org\/ImageObject\"  itemprop='image'>\n\t\t\t\t\t   <span itemprop='url' >http:\/\/femedees.com\/wp-content\/uploads\/2019\/08\/logo-femedees-300x138.gif<\/span>\n\t\t\t\t\t   <span itemprop='height' >0<\/span>\n\t\t\t\t\t   <span itemprop='width' >0<\/span>\n\t\t\t\t  <\/span><span class='av-structured-data'  itemprop=\"publisher\" itemtype=\"https:\/\/schema.org\/Organization\" itemscope=\"itemscope\" >\n\t\t\t\t<span itemprop='name'>AdminFemedees<\/span>\n\t\t\t\t<span itemprop='logo' itemscope itemtype='https:\/\/schema.org\/ImageObject'>\n\t\t\t\t   <span itemprop='url'>http:\/\/femedees.com\/wp-content\/uploads\/2019\/08\/logo-femedees-300x138.gif<\/span>\n\t\t\t\t <\/span>\n\t\t\t  <\/span><span class='av-structured-data'  itemprop=\"author\" itemscope=\"itemscope\" itemtype=\"https:\/\/schema.org\/Person\" ><span itemprop='name'>AdminFemedees<\/span><\/span><span class='av-structured-data'  itemprop=\"datePublished\" datetime=\"2022-10-26T18:45:41+00:00\" >2022-10-26 18:45:41<\/span><span class='av-structured-data'  itemprop=\"dateModified\" itemtype=\"https:\/\/schema.org\/dateModified\" >2022-10-26 18:45:41<\/span><span class='av-structured-data'  itemprop=\"mainEntityOfPage\" itemtype=\"https:\/\/schema.org\/mainEntityOfPage\" ><span itemprop='name'>Copa Suprema 2023<\/span><\/span><\/span><\/article><article class='post-entry post-entry-type-standard post-entry-3663 post-loop-2 post-parity-even single-big  post-3663 post type-post status-publish format-standard hentry category-news'  itemscope=\"itemscope\" itemtype=\"https:\/\/schema.org\/BlogPosting\" ><div class='blog-meta'><\/div><div class='entry-content-wrapper clearfix standard-content'><header class=\"entry-content-header\"><h2 class='post-title entry-title '  itemprop=\"headline\" >\t<a href='https:\/\/femedees.com\/index.php\/2022\/10\/02\/3a-copa-escolar-hidalguense-2022\/' rel='bookmark' title='Permanent Link: 3a Copa Escolar Hidalguense 2022'>3a Copa Escolar Hidalguense 2022\t\t\t<span class='post-format-icon minor-meta'><\/span>\t<\/a><\/h2><span class='post-meta-infos'><time class='date-container minor-meta updated' >October 2, 2022<\/time><span class='text-sep text-sep-date'>\/<\/span><span class=\"blog-categories minor-meta\">in <a href=\"https:\/\/femedees.com\/index.php\/category\/news\/\" rel=\"tag\">News<\/a> <\/span><span class=\"text-sep text-sep-cat\">\/<\/span><span class=\"blog-author minor-meta\">by <span class=\"entry-author-link\" ><span class=\"vcard author\"><span class=\"fn\"><a href=\"https:\/\/femedees.com\/index.php\/author\/editorfemedees\/\" title=\"Posts by AdminFemedees\" rel=\"author\">AdminFemedees<\/a><\/span><\/span><\/span><\/span><\/span><\/header><div class=\"entry-content\"  itemprop=\"text\" ><p><img loading=\"lazy\" class=\"aligncenter  wp-image-3664\" src=\"https:\/\/femedees.com\/wp-content\/uploads\/2022\/10\/COPA-HIDALGUENSE-189x300.jpg\" alt=\"\" width=\"429\" height=\"681\" srcset=\"https:\/\/femedees.com\/wp-content\/uploads\/2022\/10\/COPA-HIDALGUENSE-189x300.jpg 189w, https:\/\/femedees.com\/wp-content\/uploads\/2022\/10\/COPA-HIDALGUENSE-444x705.jpg 444w, https:\/\/femedees.com\/wp-content\/uploads\/2022\/10\/COPA-HIDALGUENSE-450x714.jpg 450w, https:\/\/femedees.com\/wp-content\/uploads\/2022\/10\/COPA-HIDALGUENSE.jpg 645w\" sizes=\"(max-width: 429px) 100vw, 429px\" \/><\/p>\n<p><a href=\"https:\/\/femedees.com\/wp-content\/uploads\/2022\/10\/CONVOCATORIA.pdf\">CONVOCATORIA<\/a><\/p>\n<p>&nbsp;<\/p>\n<\/div><footer class=\"entry-footer\"><\/footer><div class='post_delimiter'><\/div><\/div><div class='post_author_timeline'><\/div><span class='hidden'>\n\t\t\t<span class='av-structured-data'  itemprop=\"image\" itemscope=\"itemscope\" itemtype=\"https:\/\/schema.org\/ImageObject\"  itemprop='image'>\n\t\t\t\t\t   <span itemprop='url' >http:\/\/femedees.com\/wp-content\/uploads\/2019\/08\/logo-femedees-300x138.gif<\/span>\n\t\t\t\t\t   <span itemprop='height' >0<\/span>\n\t\t\t\t\t   <span itemprop='width' >0<\/span>\n\t\t\t\t  <\/span><span class='av-structured-data'  itemprop=\"publisher\" itemtype=\"https:\/\/schema.org\/Organization\" itemscope=\"itemscope\" >\n\t\t\t\t<span itemprop='name'>AdminFemedees<\/span>\n\t\t\t\t<span itemprop='logo' itemscope itemtype='https:\/\/schema.org\/ImageObject'>\n\t\t\t\t   <span itemprop='url'>http:\/\/femedees.com\/wp-content\/uploads\/2019\/08\/logo-femedees-300x138.gif<\/span>\n\t\t\t\t <\/span>\n\t\t\t  <\/span><span class='av-structured-data'  itemprop=\"author\" itemscope=\"itemscope\" itemtype=\"https:\/\/schema.org\/Person\" ><span itemprop='name'>AdminFemedees<\/span><\/span><span class='av-structured-data'  itemprop=\"datePublished\" datetime=\"2022-10-02T00:52:45+00:00\" >2022-10-02 00:52:45<\/span><span class='av-structured-data'  itemprop=\"dateModified\" itemtype=\"https:\/\/schema.org\/dateModified\" >2022-10-02 00:52:45<\/span><span class='av-structured-data'  itemprop=\"mainEntityOfPage\" itemtype=\"https:\/\/schema.org\/mainEntityOfPage\" ><span itemprop='name'>3a Copa Escolar Hidalguense 2022<\/span><\/span><\/span><\/article><article class='post-entry post-entry-type-standard post-entry-3656 post-loop-3 post-parity-odd post-entry-last single-big  post-3656 post type-post status-publish format-standard hentry category-news'  itemscope=\"itemscope\" itemtype=\"https:\/\/schema.org\/BlogPosting\" ><div class='blog-meta'><\/div><div class='entry-content-wrapper clearfix standard-content'><header class=\"entry-content-header\"><h2 class='post-title entry-title '  itemprop=\"headline\" >\t<a href='https:\/\/femedees.com\/index.php\/2022\/09\/06\/capacitacion-estrategica-para-alta-competencia\/' rel='bookmark' title='Permanent Link: Capacitaci\u00f3n Estrat\u00e9gica Para Alta Competencia'>Capacitaci\u00f3n Estrat\u00e9gica Para Alta Competencia\t\t\t<span class='post-format-icon minor-meta'><\/span>\t<\/a><\/h2><span class='post-meta-infos'><time class='date-container minor-meta updated' >September 6, 2022<\/time><span class='text-sep text-sep-date'>\/<\/span><span class=\"blog-categories minor-meta\">in <a href=\"https:\/\/femedees.com\/index.php\/category\/news\/\" rel=\"tag\">News<\/a> <\/span><span class=\"text-sep text-sep-cat\">\/<\/span><span class=\"blog-author minor-meta\">by <span class=\"entry-author-link\" ><span class=\"vcard author\"><span class=\"fn\"><a href=\"https:\/\/femedees.com\/index.php\/author\/editorfemedees\/\" title=\"Posts by AdminFemedees\" rel=\"author\">AdminFemedees<\/a><\/span><\/span><\/span><\/span><\/span><\/header><div class=\"entry-content\"  itemprop=\"text\" ><p><img loading=\"lazy\" class=\"aligncenter  wp-image-3657\" src=\"https:\/\/femedees.com\/wp-content\/uploads\/2022\/09\/Oscar-Adechih-chih-300x279.jpg\" alt=\"\" width=\"458\" height=\"426\" srcset=\"https:\/\/femedees.com\/wp-content\/uploads\/2022\/09\/Oscar-Adechih-chih-300x279.jpg 300w, https:\/\/femedees.com\/wp-content\/uploads\/2022\/09\/Oscar-Adechih-chih-1030x957.jpg 1030w, https:\/\/femedees.com\/wp-content\/uploads\/2022\/09\/Oscar-Adechih-chih-768x714.jpg 768w, https:\/\/femedees.com\/wp-content\/uploads\/2022\/09\/Oscar-Adechih-chih-705x655.jpg 705w, https:\/\/femedees.com\/wp-content\/uploads\/2022\/09\/Oscar-Adechih-chih-450x418.jpg 450w, https:\/\/femedees.com\/wp-content\/uploads\/2022\/09\/Oscar-Adechih-chih.jpg 1106w\" sizes=\"(max-width: 458px) 100vw, 458px\" \/><\/p>\n<p>&nbsp;<\/p>\n<p><a href=\"https:\/\/femedees.com\/wp-content\/uploads\/2022\/09\/INFORMES.pdf\">INFORMES<\/a><\/p>\n<\/div><footer class=\"entry-footer\"><\/footer><div class='post_delimiter'><\/div><\/div><div class='post_author_timeline'><\/div><span class='hidden'>\n\t\t\t<span class='av-structured-data'  itemprop=\"image\" itemscope=\"itemscope\" itemtype=\"https:\/\/schema.org\/ImageObject\"  itemprop='image'>\n\t\t\t\t\t   <span itemprop='url' >http:\/\/femedees.com\/wp-content\/uploads\/2019\/08\/logo-femedees-300x138.gif<\/span>\n\t\t\t\t\t   <span itemprop='height' >0<\/span>\n\t\t\t\t\t   <span itemprop='width' >0<\/span>\n\t\t\t\t  <\/span><span class='av-structured-data'  itemprop=\"publisher\" itemtype=\"https:\/\/schema.org\/Organization\" itemscope=\"itemscope\" >\n\t\t\t\t<span itemprop='name'>AdminFemedees<\/span>\n\t\t\t\t<span itemprop='logo' itemscope itemtype='https:\/\/schema.org\/ImageObject'>\n\t\t\t\t   <span itemprop='url'>http:\/\/femedees.com\/wp-content\/uploads\/2019\/08\/logo-femedees-300x138.gif<\/span>\n\t\t\t\t <\/span>\n\t\t\t  <\/span><span class='av-structured-data'  itemprop=\"author\" itemscope=\"itemscope\" itemtype=\"https:\/\/schema.org\/Person\" ><span itemprop='name'>AdminFemedees<\/span><\/span><span class='av-structured-data'  itemprop=\"datePublished\" datetime=\"2022-09-06T14:01:05+00:00\" >2022-09-06 14:01:05<\/span><span class='av-structured-data'  itemprop=\"dateModified\" itemtype=\"https:\/\/schema.org\/dateModified\" >2022-09-06 14:01:05<\/span><span class='av-structured-data'  itemprop=\"mainEntityOfPage\" itemtype=\"https:\/\/schema.org\/mainEntityOfPage\" ><span itemprop='name'>Capacitaci\u00f3n Estrat\u00e9gica Para Alta Competencia<\/span><\/span><\/span><\/article><div class='single-big'><nav class='pagination'><span class='pagination-meta'>Page 1 of 13<\/span><span class='current'>1<\/span><a href='https:\/\/femedees.com\/index.php\/wp-json\/wp\/v2\/pages\/3191\/page\/2\/' class='inactive next_page' >2<\/a><a href='https:\/\/femedees.com\/index.php\/wp-json\/wp\/v2\/pages\/3191\/page\/3\/' class='inactive' >3<\/a><a href='https:\/\/femedees.com\/index.php\/wp-json\/wp\/v2\/pages\/3191\/page\/2\/'>&rsaquo;<\/a><a href='https:\/\/femedees.com\/index.php\/wp-json\/wp\/v2\/pages\/3191\/page\/13\/'>&raquo;<\/a><\/nav>\n<\/div><\/div><\/div>\n<div id='av-masonry-1' class='av-masonry  noHover av-flex-size av-large-gap av-hover-overlay- av-masonry-animation-active av-masonry-col-5 av-caption-always av-caption-style- av-masonry-gallery     ' style='background-color:#35383c; ' ><div class='av-masonry-container isotope av-js-disabled ' ><div class='av-masonry-entry isotope-item av-masonry-item-no-image '><\/div><div id='av-masonry-1-item-3174' data-av-masonry-item='3174' class='av-masonry-entry isotope-item post-3174 attachment type-attachment status-inherit hentry  av-masonry-item-with-image'   itemprop=\"thumbnailUrl\" ><div class='av-inner-masonry-sizer'><\/div><figure class='av-inner-masonry main_color'><div class=\"av-masonry-outerimage-container\"><div class=\"av-masonry-image-container\" ><img src=\"https:\/\/femedees.com\/wp-content\/uploads\/2020\/01\/Captura-de-Pantalla-2020-01-30-a-las-9.09.13-p.-m..png\" title=\"Captura de Pantalla 2020-01-30 a la(s) 9.09.13 p. m.\" alt=\"\" \/><\/div><\/div><\/figure><\/div><!--end av-masonry entry--><div id='av-masonry-1-item-3175' data-av-masonry-item='3175' class='av-masonry-entry isotope-item post-3175 attachment type-attachment status-inherit hentry  av-masonry-item-with-image'   itemprop=\"thumbnailUrl\" ><div class='av-inner-masonry-sizer'><\/div><figure class='av-inner-masonry main_color'><div class=\"av-masonry-outerimage-container\"><div class=\"av-masonry-image-container\" ><img src=\"https:\/\/femedees.com\/wp-content\/uploads\/2020\/01\/Captura-de-Pantalla-2020-01-30-a-las-9.09.30-p.-m..png\" title=\"Captura de Pantalla 2020-01-30 a la(s) 9.09.30 p. m.\" alt=\"\" \/><\/div><\/div><\/figure><\/div><!--end av-masonry entry--><div id='av-masonry-1-item-3176' data-av-masonry-item='3176' class='av-masonry-entry isotope-item post-3176 attachment type-attachment status-inherit hentry  av-masonry-item-with-image'   itemprop=\"thumbnailUrl\" ><div class='av-inner-masonry-sizer'><\/div><figure class='av-inner-masonry main_color'><div class=\"av-masonry-outerimage-container\"><div class=\"av-masonry-image-container\" ><img src=\"https:\/\/femedees.com\/wp-content\/uploads\/2020\/01\/Captura-de-Pantalla-2020-01-30-a-las-9.15.01-p.-m..png\" title=\"Captura de Pantalla 2020-01-30 a la(s) 9.15.01 p. m.\" alt=\"\" \/><\/div><\/div><\/figure><\/div><!--end av-masonry entry--><div id='av-masonry-1-item-3177' data-av-masonry-item='3177' class='av-masonry-entry isotope-item post-3177 attachment type-attachment status-inherit hentry  av-masonry-item-with-image'   itemprop=\"thumbnailUrl\" ><div class='av-inner-masonry-sizer'><\/div><figure class='av-inner-masonry main_color'><div class=\"av-masonry-outerimage-container\"><div class=\"av-masonry-image-container\" ><img src=\"https:\/\/femedees.com\/wp-content\/uploads\/2020\/01\/Captura-de-Pantalla-2020-01-30-a-las-9.15.53-p.-m..png\" title=\"Captura de Pantalla 2020-01-30 a la(s) 9.15.53 p. m.\" alt=\"\" \/><\/div><\/div><\/figure><\/div><!--end av-masonry entry--><div id='av-masonry-1-item-3172' data-av-masonry-item='3172' class='av-masonry-entry isotope-item post-3172 attachment type-attachment status-inherit hentry  av-masonry-item-with-image'   itemprop=\"thumbnailUrl\" ><div class='av-inner-masonry-sizer'><\/div><figure class='av-inner-masonry main_color'><div class=\"av-masonry-outerimage-container\"><div class=\"av-masonry-image-container\" ><img src=\"https:\/\/femedees.com\/wp-content\/uploads\/2020\/01\/Captura-de-Pantalla-2020-01-30-a-las-9.08.15-p.-m..png\" title=\"Captura de Pantalla 2020-01-30 a la(s) 9.08.15 p. m.\" alt=\"\" \/><\/div><\/div><\/figure><\/div><!--end av-masonry entry--><\/div><\/div>\n","protected":false},"excerpt":{"rendered":"","protected":false},"author":1,"featured_media":0,"parent":0,"menu_order":0,"comment_status":"closed","ping_status":"closed","template":"","meta":{"sfsi_plus_gutenberg_text_before_share":"","sfsi_plus_gutenberg_show_text_before_share":"","sfsi_plus_gutenberg_icon_type":"","sfsi_plus_gutenberg_icon_alignemt":"","sfsi_plus_gutenburg_max_per_row":""},"_links":{"self":[{"href":"https:\/\/femedees.com\/index.php\/wp-json\/wp\/v2\/pages\/3191"}],"collection":[{"href":"https:\/\/femedees.com\/index.php\/wp-json\/wp\/v2\/pages"}],"about":[{"href":"https:\/\/femedees.com\/index.php\/wp-json\/wp\/v2\/types\/page"}],"author":[{"embeddable":true,"href":"https:\/\/femedees.com\/index.php\/wp-json\/wp\/v2\/users\/1"}],"replies":[{"embeddable":true,"href":"https:\/\/femedees.com\/index.php\/wp-json\/wp\/v2\/comments?post=3191"}],"version-history":[{"count":16,"href":"https:\/\/femedees.com\/index.php\/wp-json\/wp\/v2\/pages\/3191\/revisions"}],"predecessor-version":[{"id":3465,"href":"https:\/\/femedees.com\/index.php\/wp-json\/wp\/v2\/pages\/3191\/revisions\/3465"}],"wp:attachment":[{"href":"https:\/\/femedees.com\/index.php\/wp-json\/wp\/v2\/media?parent=3191"}],"curies":[{"name":"wp","href":"https:\/\/api.w.org\/{rel}","templated":true}]}}