{"id":3257,"date":"2020-04-21T22:48:39","date_gmt":"2020-04-21T22:48:39","guid":{"rendered":"https:\/\/femedees.com\/?page_id=3257"},"modified":"2022-08-17T00:56:43","modified_gmt":"2022-08-17T00:56:43","slug":"afiliados","status":"publish","type":"page","link":"https:\/\/femedees.com\/index.php\/afiliados\/","title":{"rendered":"ASOCIACIONES Y ORGANOS AFINES"},"content":{"rendered":"<div id='av_section_1' class='avia-section main_color avia-section-large avia-no-border-styling avia-bg-style-scroll  avia-builder-el-0  el_before_av_section  avia-builder-el-first    container_wrap fullsize' style='background-color: #d63387;  '  ><div class='container' ><main  role=\"main\" itemprop=\"mainContentOfPage\"  class='template-page content  av-content-full alpha units'><div class='post-entry post-entry-type-page post-entry-3257'><div class='entry-content-wrapper clearfix'>\n<div style='padding-bottom:20px; color:#ffffff;font-size:40px;' class='av-special-heading av-special-heading-h2 custom-color-heading blockquote modern-quote  avia-builder-el-1  avia-builder-el-no-sibling   av-inherit-size '><h2 class='av-special-heading-tag '  itemprop=\"headline\"  >Asociaciones y Organos Afines<\/h2><div class='special-heading-border'><div class='special-heading-inner-border' style='border-color:#ffffff'><\/div><\/div><\/div>\n\n<\/div><\/div><\/main><!-- close content main element --><\/div><\/div><div id='av_section_2' class='avia-section main_color avia-section-large avia-no-border-styling avia-bg-style-scroll  avia-builder-el-2  el_after_av_section  el_before_av_masonry_gallery   container_wrap fullsize' style=' '  ><div class='container' ><div class='template-page content  av-content-full alpha units'><div class='post-entry post-entry-type-page post-entry-3257'><div class='entry-content-wrapper clearfix'>\n<div class='avia-data-table-wrap avia_responsive_table'><table class='avia-table avia-data-table avia-table-1  avia-builder-el-3  el_before_av_hr  avia-builder-el-first   avia_pricing_minimal '  itemscope=\"itemscope\" itemtype=\"https:\/\/schema.org\/Table\" ><tbody><tr class='avia-heading-row'><th class=''>Asociaci\u00f3n Estatal o Club<br \/>\n<\/th><th class=''>Presidente<\/th><th class=''>Correo Electr\u00f3nico<br \/>\n<\/th><\/tr><tr class=''><td class=''>ASOCIACI\u00d3N DE DEPORTE ESCOLAR DE AGUASCALIENTES A.C.<\/td><td class=''>ALBERTO VEGA IGLESIAS<br \/>\n<\/td><td class=''>direccion_aguascalientes@unicla.edu.mx<\/td><\/tr><tr class=''><td class=''>ASOCIACI\u00d3N DE DEPORTE ESCOLAR DE BAJA CALIFORNIA A.C.<\/td><td class=''><\/td><td class=''><\/td><\/tr><tr class=''><td class=''>ASOCIACI\u00d3N SUDCALIFORNIANA DEL DEPORTE ESCOLAR A.C.<br \/>\n<\/td><td class=''>ELDA NOHEM\u00cd ORTEGA ESCOBAR<\/td><td class=''>elda_tkd@hotmail.com<br \/>\n<\/td><\/tr><tr class=''><td class=''>ASOCIACI\u00d3N DE DEPORTE ESCOLAR DE CAMPECHE A.C.<\/td><td class=''>JULIO CESAR PATRON QUINTANA<br \/>\n<\/td><td class=''>julpa2104@hotmail.com<\/td><\/tr><tr class=''><td class=''>ASOCIACI\u00d3N DE DEPORTE ESCOLAR DE CDMEX A.C.<\/td><td class=''>JORGE LEON ROSAS<br \/>\n<\/td><td class=''>esperanzasolimpicas@hotmail.com<br \/>\n<\/td><\/tr><tr class=''><td class=''>ASOCIACI\u00d3N DE DEPORTE ESCOLAR DE CHIHUAHUA A.C.<br \/>\n<\/td><td class=''>J.LUIS CASAS DIAS<br \/>\n<\/td><td class=''>femedeeschihuahua@hotmail.com<br \/>\n<\/td><\/tr><tr class=''><td class=''>ASOCIACI\u00d3N DE DEPORTE ESCOLAR DE CHIAPAS A.C.<\/td><td class=''>WALTER HUMBERTO ABARCA CABRERA<br \/>\n<\/td><td class=''>walterabarcacabrera@hotmail.com<\/td><\/tr><tr class=''><td class=''>ASOCIACI\u00d3N DEL DEPORTE ESCOLAR DE COAHUILA A.C.<br \/>\n<\/td><td class=''>LIC.JORGE ROCHA NAVARRO<br \/>\n<\/td><td class=''>rochatkd@hotmail.com<br \/>\n<\/td><\/tr><tr class=''><td class=''>ASOCIACI\u00d3N COLIMENSE DE DEPORTE ESCOLAR A.C<br \/>\n<\/td><td class=''>JOS\u00c9 JES\u00daS CER\u00d3N RAM\u00cdREZ<br \/>\n<\/td><td class=''>asociacioncolimense_depes@hotmail.com<br \/>\njesusceron_ventas@hotmail.com<br \/>\n<\/td><\/tr><tr class=''><td class=''>ASOCIACI\u00d3N DE DEPORTE ESCOLAR DE DURANGO A.C.<\/td><td class=''>\n<\/td><td class=''><\/td><\/tr><tr class=''><td class=''>ASOCIACI\u00d3N DE DEPORTE ESCOLAR DE GUANAJUATO A.C.<\/td><td class=''>JUAN RODRIGO GAONA ESPARZA<br \/>\n<\/td><td class=''>rodrigogaonaesparza@hotmail.com<\/td><\/tr><tr class=''><td class=''>ASOCIACI\u00d3N DE DEPORTE ESCOLAR DE EDO. MEX A.C.<\/td><td class=''>VICTOR RANGEL CHAVARRIA<br \/>\n<\/td><td class=''>asocmarcial_tkd@hotmail.com<\/td><\/tr><tr class=''><td class=''>ASOCIACI\u00d3N GERRERENSE DEL DEPORTE ESCOLARA.C.<\/td><td class=''>JOS\u00c9 ANTONIO CRUZ ORTU\u00d1O<\/td><td class=''>guerrerocondeba@gmail.com<\/td><\/tr><tr class=''><td class=''>ASOCIACI\u00d3N DE DEPORTE ESCOLAR DE JALISCO A.C. <\/td><td class=''><\/td><td class=''><\/td><\/tr><tr class=''><td class=''>ASOCIACI\u00d3N DE DEPORTE ESCOLAR DE HIDALGO A.C.<\/td><td class=''>ROGELIO ACO MENDOZA<br \/>\n<\/td><td class=''>rogelioaco_tkd@hotmail.com<br \/>\n<\/td><\/tr><tr class=''><td class=''>ASOCIACI\u00d3N DE DEPORTE ESCOLAR DE MICHOAC\u00c1N A.C. <\/td><td class=''>VERONICA NARANJO CASTRO<\/td><td class=''>fusiontkd@hotmail.com<\/td><\/tr><tr class=''><td class=''>ASOCIACI\u00d3N DE DEPORTE ESCOLAR DE MORELOS A.C.<\/td><td class=''>OCTAVIO GUILLERMO GUERRERO BUJDUD<br \/>\n<\/td><td class=''>octavio.guerrero@iebem.edu.mx<br \/>\n<\/td><\/tr><tr class=''><td class=''>ASOCIACI\u00d3N DE DEPORTE ESCOLAR DE NAYARIT A.C. <\/td><td class=''>DIEGO ALONSO DURAN ARELLANO<\/td><td class=''>diegoduran100980@gmail.com<\/td><\/tr><tr class=''><td class=''>ASOCIACI\u00d3N DE DEPORTE ESCOLAR DE NUEVO LE\u00d3N, A. C.<\/td><td class=''>PEDRO ANTONIO TORRES CABALLERO<\/td><td class=''>orientetkd@gmail.com<\/td><\/tr><tr class=''><td class=''>ASOCIACI\u00d3N DE DEPORTE ESCOLAR DE OAXACA A. C.<\/td><td class=''>MANUEL GUILLERMO CONTRERAS MELCHOR<\/td><td class=''>contrerastkd@hotmail.com<\/td><\/tr><tr class=''><td class=''>ASOCIACI\u00d3N DE DEPORTE ESCOLAR DEL ESTADO DE PUEBLA<\/td><td class=''>JOS\u00c9 LUIS DE LA CRUZ GONZAGA<br \/>\n<\/td><td class=''>gonzaga75@yahoo.com.mx<\/td><\/tr><tr class=''><td class=''>ASOCIACI\u00d3N DE DEPORTE ESCOLAR DE QUER\u00c9TARO A. C.<\/td><td class=''><\/td><td class=''><\/td><\/tr><tr class=''><td class=''>ASOCIACI\u00d3N DE DEPORTE ESCOLAR DE QUINTANA ROO , A. C.<\/td><td class=''>JOS\u00c9 ALEJANDRO DE LA CRUZ DUMANI RODR\u00cdGUEZ<br \/>\n<\/td><td class=''>alexdumani@hotmail.com<\/td><\/tr><tr class=''><td class=''>ASOCIACI\u00d3N DE DEPORTE ESCOLAR DE SAN LUIS POTOS\u00cd A.C.<\/td><td class=''>JUAN MANUEL ESQUIVEL L\u00d3PEZ<\/td><td class=''>astrostkd@hotmail.com<\/td><\/tr><tr class=''><td class=''>ASOCIACI\u00d3N DE DEPORTE ESCOLAR DE SINALOA A.C.<\/td><td class=''>RICARDO RAMOS VALENCIA<br \/>\n<\/td><td class=''>ricardorv4040@hotmail.com<br \/>\n<\/td><\/tr><tr class=''><td class=''>ASOCIACI\u00d3N DE DEPORTE ESCOLAR SONORA A.C.<\/td><td class=''>RODOLFO RIOS DOMINGUEZ<br \/>\n<\/td><td class=''>rodolforios@hotmail.com<\/td><\/tr><tr class=''><td class=''>ASOCIACI\u00d3N DE DEPORTE ESCOLAR DE TABASCO A. C.<\/td><td class=''>SERGIO ANTONIO CORTAZAR CUSTODIO<\/td><td class=''>Sergioa_cc@hotmail.com<\/td><\/tr><tr class=''><td class=''>ASOCIACI\u00d3N DE DEPORTE ESCOLAR DE TAMAULIPAS, A. C.<\/td><td class=''>PROF. LUIS RAFAEL ZU\u00d1IGA CARREON<br \/>\n<\/td><td class=''>erikacuen@yahoo.com.mx<br \/>\n<\/td><\/tr><tr class=''><td class=''>ASOCIACI\u00d3N DE DEPORTE ESCOLAR DEL ESTADO TLAXCALA A.C.<\/td><td class=''>PROF. CARLOS MATA RAZGADO<\/td><td class=''>carlosmatar2001@hotmail.com<\/td><\/tr><tr class=''><td class=''>ASOCIACI\u00d3N DE DEPORTE ESCOLAR DE VERACRUZ A.C.<\/td><td class=''><\/td><td class=''><\/td><\/tr><tr class=''><td class=''>ASOCIACI\u00d3N DE DEPORTE ESCOLAR DEL ESTADO DE YUCAT\u00c1N A. C.<br \/>\n<\/td><td class=''>PROF. MARIO EDUARDO SOLIS PAZ<br \/>\n<\/td><td class=''>mdkmerida@hotmail.com<br \/>\n<\/td><\/tr><tr class=''><td class=''>ASOCIACI\u00d3N DE DEPORTE ESCOLAR DEL ESTADO DE ZACATECAS A.C.<\/td><td class=''>GERARDO MANUEL BALANDRANO CASAS <\/td><td class=''>gbalandrano@hotmail.com<br \/>\n<\/td><\/tr><tr class=''><td class=''>ASOCIACION ESCOLAR DE DEPORTES DE INVIERNO AC<\/td><td class=''>MANUEL MEDINA VEGA<\/td><td class=''>manuelmedina@live.com.mx<\/td><\/tr><\/tbody><\/table><\/div><style type='text\/css'>.avia-table-1 td:nth-of-type(1):before { content: 'Asociaci\u00f3n Estatal o Club\n'; } .avia-table-1 td:nth-of-type(2):before { content: 'Presidente'; } .avia-table-1 td:nth-of-type(3):before { content: 'Correo Electr\u00f3nico\n'; } <\/style>\n<div style=' margin-top:10px; margin-bottom:10px;'  class='hr hr-custom hr-left hr-icon-no   avia-builder-el-4  el_after_av_table  el_before_av_one_full '><span class='hr-inner   inner-border-av-border-fat' style=' width:50px; border-color:#000000;' ><span class='hr-inner-style'><\/span><\/span><\/div>\n<div class=\"flex_column av_one_full  flex_column_div first  avia-builder-el-5  el_after_av_hr  avia-builder-el-last   \" style='background: #3a8ee8; padding:30px; background-color:#3a8ee8; border-radius:0px; '><\/div><div id='av-masonry-1' class='av-masonry  noHover av-flex-size av-large-gap av-hover-overlay- av-masonry-animation-active av-masonry-col-5 av-caption-always av-caption-style- av-masonry-gallery     ' style='background-color:#35383c; ' ><div class='av-masonry-container isotope av-js-disabled ' ><div class='av-masonry-entry isotope-item av-masonry-item-no-image '><\/div><div id='av-masonry-1-item-3174' data-av-masonry-item='3174' class='av-masonry-entry isotope-item post-3174 attachment type-attachment status-inherit hentry  av-masonry-item-with-image'   itemprop=\"thumbnailUrl\" ><div class='av-inner-masonry-sizer'><\/div><figure class='av-inner-masonry main_color'><div class=\"av-masonry-outerimage-container\"><div class=\"av-masonry-image-container\" ><img src=\"https:\/\/femedees.com\/wp-content\/uploads\/2020\/01\/Captura-de-Pantalla-2020-01-30-a-las-9.09.13-p.-m..png\" title=\"Captura de Pantalla 2020-01-30 a la(s) 9.09.13 p. m.\" alt=\"\" \/><\/div><\/div><\/figure><\/div><!--end av-masonry entry--><div id='av-masonry-1-item-3175' data-av-masonry-item='3175' class='av-masonry-entry isotope-item post-3175 attachment type-attachment status-inherit hentry  av-masonry-item-with-image'   itemprop=\"thumbnailUrl\" ><div class='av-inner-masonry-sizer'><\/div><figure class='av-inner-masonry main_color'><div class=\"av-masonry-outerimage-container\"><div class=\"av-masonry-image-container\" ><img src=\"https:\/\/femedees.com\/wp-content\/uploads\/2020\/01\/Captura-de-Pantalla-2020-01-30-a-las-9.09.30-p.-m..png\" title=\"Captura de Pantalla 2020-01-30 a la(s) 9.09.30 p. m.\" alt=\"\" \/><\/div><\/div><\/figure><\/div><!--end av-masonry entry--><div id='av-masonry-1-item-3176' data-av-masonry-item='3176' class='av-masonry-entry isotope-item post-3176 attachment type-attachment status-inherit hentry  av-masonry-item-with-image'   itemprop=\"thumbnailUrl\" ><div class='av-inner-masonry-sizer'><\/div><figure class='av-inner-masonry main_color'><div class=\"av-masonry-outerimage-container\"><div class=\"av-masonry-image-container\" ><img src=\"https:\/\/femedees.com\/wp-content\/uploads\/2020\/01\/Captura-de-Pantalla-2020-01-30-a-las-9.15.01-p.-m..png\" title=\"Captura de Pantalla 2020-01-30 a la(s) 9.15.01 p. m.\" alt=\"\" \/><\/div><\/div><\/figure><\/div><!--end av-masonry entry--><div id='av-masonry-1-item-3177' data-av-masonry-item='3177' class='av-masonry-entry isotope-item post-3177 attachment type-attachment status-inherit hentry  av-masonry-item-with-image'   itemprop=\"thumbnailUrl\" ><div class='av-inner-masonry-sizer'><\/div><figure class='av-inner-masonry main_color'><div class=\"av-masonry-outerimage-container\"><div class=\"av-masonry-image-container\" ><img src=\"https:\/\/femedees.com\/wp-content\/uploads\/2020\/01\/Captura-de-Pantalla-2020-01-30-a-las-9.15.53-p.-m..png\" title=\"Captura de Pantalla 2020-01-30 a la(s) 9.15.53 p. m.\" alt=\"\" \/><\/div><\/div><\/figure><\/div><!--end av-masonry entry--><div id='av-masonry-1-item-3172' data-av-masonry-item='3172' class='av-masonry-entry isotope-item post-3172 attachment type-attachment status-inherit hentry  av-masonry-item-with-image'   itemprop=\"thumbnailUrl\" ><div class='av-inner-masonry-sizer'><\/div><figure class='av-inner-masonry main_color'><div class=\"av-masonry-outerimage-container\"><div class=\"av-masonry-image-container\" ><img src=\"https:\/\/femedees.com\/wp-content\/uploads\/2020\/01\/Captura-de-Pantalla-2020-01-30-a-las-9.08.15-p.-m..png\" title=\"Captura de Pantalla 2020-01-30 a la(s) 9.08.15 p. m.\" alt=\"\" \/><\/div><\/div><\/figure><\/div><!--end av-masonry entry--><\/div><\/div><\/p>\n","protected":false},"excerpt":{"rendered":"","protected":false},"author":1,"featured_media":0,"parent":0,"menu_order":0,"comment_status":"closed","ping_status":"closed","template":"","meta":{"sfsi_plus_gutenberg_text_before_share":"","sfsi_plus_gutenberg_show_text_before_share":"","sfsi_plus_gutenberg_icon_type":"","sfsi_plus_gutenberg_icon_alignemt":"","sfsi_plus_gutenburg_max_per_row":""},"_links":{"self":[{"href":"https:\/\/femedees.com\/index.php\/wp-json\/wp\/v2\/pages\/3257"}],"collection":[{"href":"https:\/\/femedees.com\/index.php\/wp-json\/wp\/v2\/pages"}],"about":[{"href":"https:\/\/femedees.com\/index.php\/wp-json\/wp\/v2\/types\/page"}],"author":[{"embeddable":true,"href":"https:\/\/femedees.com\/index.php\/wp-json\/wp\/v2\/users\/1"}],"replies":[{"embeddable":true,"href":"https:\/\/femedees.com\/index.php\/wp-json\/wp\/v2\/comments?post=3257"}],"version-history":[{"count":19,"href":"https:\/\/femedees.com\/index.php\/wp-json\/wp\/v2\/pages\/3257\/revisions"}],"predecessor-version":[{"id":3652,"href":"https:\/\/femedees.com\/index.php\/wp-json\/wp\/v2\/pages\/3257\/revisions\/3652"}],"wp:attachment":[{"href":"https:\/\/femedees.com\/index.php\/wp-json\/wp\/v2\/media?parent=3257"}],"curies":[{"name":"wp","href":"https:\/\/api.w.org\/{rel}","templated":true}]}}